{"id":495,"date":"2016-03-23T18:34:54","date_gmt":"2016-03-23T18:34:54","guid":{"rendered":"http:\/\/localhost\/prestigecars\/wp\/?page_id=6"},"modified":"2018-08-23T16:08:42","modified_gmt":"2018-08-23T16:08:42","slug":"about-us","status":"publish","type":"page","link":"https:\/\/elitetoursmarbella.com\/es\/about-us\/","title":{"rendered":"Nosotros"},"content":{"rendered":"<div class=\"vc_row wpb_row vc_row-fluid center vc_custom_1459281752233\"><div class=\"wpb_column vc_column_container vc_col-sm-12\"><div class=\"vc_column-inner\"><div class=\"wpb_wrapper\"><div class=\"vc_row wpb_row vc_inner vc_row-fluid container vc_custom_1460662360842\"><div class=\"wpb_column vc_column_container vc_col-sm-12\"><div class=\"vc_column-inner\"><div class=\"wpb_wrapper\">\n\t<div class=\"wpb_text_column wpb_content_element\" >\n\t\t<div class=\"wpb_wrapper\">\n\t\t\t<div class=\"text-center\">\n                    <h2  class=\"wow fadeInLeft animated\">Who we are<\/h2>\n                    <div class=\"title-line wow fadeInRight animated\"><\/div>\n                    <\/div> \n\n\t\t<\/div>\n\t<\/div>\n\n\t<div class=\"wpb_text_column wpb_content_element  wpb_animate_when_almost_visible wpb_fadeIn fadeIn\" >\n\t\t<div class=\"wpb_wrapper\">\n\t\t\t<h2 style=\"text-align: center;\"><span style=\"color: #cb9940;\"><strong>ELITE TOURS MARBELLA<\/strong><\/span><\/h2>\n<h3 style=\"text-align: center;\"><span style=\"color: #000000;\">UNA PASI\u00d3N PARA SERVIRLE<\/span><\/h3>\n<h2 style=\"text-align: center;\"><span style=\"color: #000000;\">Alquiler de coches ejecutivos con conductor<\/span><\/h2>\n<p style=\"text-align: center;\"><span style=\"color: #333333;\"><strong>Empresa de alquiler de veh\u00edculos con conductor para traslados entre aeropuertos, estaciones de tren en toda la Costa del Sol.<\/strong><\/span><\/p>\n\n\t\t<\/div>\n\t<\/div>\n<\/div><\/div><\/div><\/div><\/div><\/div><\/div><\/div><div class=\"vc_row wpb_row vc_row-fluid\"><div class=\"wpb_column vc_column_container vc_col-sm-12\"><div class=\"vc_column-inner\"><div class=\"wpb_wrapper\">\n\t<div class=\"wpb_text_column wpb_content_element\" >\n\t\t<div class=\"wpb_wrapper\">\n\t\t\t<h2 class=\"wow fadeInRight animated\" style=\"text-align: center;\"><strong><span style=\"color: #cb9940;\">OUR COMPANY<\/span><\/strong><\/h2>\n<h4 style=\"text-align: center;\"><strong><span style=\"color: #cb9940;\">Elite Tours Marbella<\/span> <span style=\"color: #333333;\">tenemos una amplia gama de veh\u00edculos y servicios para satisfacer las necesidades de cada uno de nuestros clientes.<\/span><\/strong><\/h4>\n<h2 class=\"wow fadeInRight animated\" style=\"text-align: center;\"><strong><span style=\"color: #cb9940;\">OUR SERVICES<\/span><\/strong><\/h2>\n<h4 style=\"text-align: center;\"><span style=\"color: #333333;\">- Transfers Aeropuertos<\/span><\/h4>\n<h4 style=\"text-align: center;\"><span style=\"color: #333333;\">- Excursi\u00f3n de un d\u00eda: Visita guiada exclusiva de Andaluc\u00eda, C\u00f3rdoba, Granada, C\u00e1diz, Sevilla, M\u00e1laga, Nerja, Ronda ...<\/span><\/h4>\n<h4 style=\"text-align: center;\"><span style=\"color: #333333;\">- Un viaje de una semana<\/span><\/h4>\n<h4 style=\"text-align: center;\"><span style=\"color: #333333;\">- Ruta del vino<\/span><\/h4>\n<h4 style=\"text-align: center;\"><span style=\"color: #333333;\">- Visita a la Bodega de Andaluc\u00eda<\/span><\/h4>\n<h2 style=\"text-align: center;\"><span style=\"color: #cb9940;\"><strong>RESERVE SU TRANSFER AHORA<\/strong><\/span><\/h2>\n<h2 style=\"text-align: center;\"><span style=\"color: #cb9940;\"><strong>+34 694 41 88 55<\/strong><\/span><\/h2>\n<h4 style=\"text-align: center;\"><span style=\"color: #cb9940;\"><strong>info@elitetoursmarbella.com<\/strong><\/span><\/h4>\n\n\t\t<\/div>\n\t<\/div>\n\n\t<div class=\"wpb_text_column wpb_content_element  wpb_animate_when_almost_visible wpb_fadeIn fadeIn\" >\n\t\t<div class=\"wpb_wrapper\">\n\t\t\t<h1 style=\"text-align: center;\"><span style=\"color: #cb9940;\"><strong>EXECUTIVE TEAM OF <\/strong><\/span><\/h1>\n<h1 style=\"text-align: center;\"><span style=\"color: #cb9940;\"><strong>ELITE TOURS MARBELLA<\/strong><\/span><\/h1>\n\n\t\t<\/div>\n\t<\/div>\n<\/div><\/div><\/div><\/div><div class=\"vc_row wpb_row vc_row-fluid\"><div class=\"wpb_column vc_column_container vc_col-sm-4\"><div class=\"vc_column-inner\"><div class=\"wpb_wrapper\">\n\t<div class=\"wpb_text_column wpb_content_element\" >\n\t\t<div class=\"wpb_wrapper\">\n\t\t\t<h2 style=\"text-align: center;\"><span style=\"color: #cb9940;\"><strong>ELITE TOURS MARBELLA<\/strong><\/span><\/h2>\n<h3 style=\"text-align: center;\"><span style=\"color: #cb9940;\"><strong>Book Now\u00a0<\/strong><\/span><\/h3>\n<h3 style=\"text-align: center;\"><span style=\"color: #cb9940;\"><strong>+ 34 694 41 88 55<\/strong><\/span><\/h3>\n\n\t\t<\/div>\n\t<\/div>\n\n\t<div  class=\"wpb_single_image wpb_content_element vc_align_center\">\n\t\t\n\t\t<figure class=\"wpb_wrapper vc_figure\">\n\t\t\t<div class=\"vc_single_image-wrapper   vc_box_border_grey\"><img loading=\"lazy\" decoding=\"async\" width=\"150\" height=\"150\" src=\"https:\/\/elitetoursmarbella.com\/wp-content\/uploads\/2018\/08\/FAVICON-512-X-512-PX-150x150.jpg\" class=\"vc_single_image-img attachment-thumbnail\" alt=\"\" srcset=\"https:\/\/elitetoursmarbella.com\/wp-content\/uploads\/2018\/08\/FAVICON-512-X-512-PX-150x150.jpg 150w, https:\/\/elitetoursmarbella.com\/wp-content\/uploads\/2018\/08\/FAVICON-512-X-512-PX-300x300.jpg 300w, https:\/\/elitetoursmarbella.com\/wp-content\/uploads\/2018\/08\/FAVICON-512-X-512-PX-180x180.jpg 180w, https:\/\/elitetoursmarbella.com\/wp-content\/uploads\/2018\/08\/FAVICON-512-X-512-PX.jpg 512w\" sizes=\"auto, (max-width: 150px) 100vw, 150px\" \/><\/div>\n\t\t<\/figure>\n\t<\/div>\n<\/div><\/div><\/div><div class=\"wpb_column vc_column_container vc_col-sm-4\"><div class=\"vc_column-inner\"><div class=\"wpb_wrapper\">\n\t<div  class=\"wpb_single_image wpb_content_element vc_align_center\">\n\t\t\n\t\t<figure class=\"wpb_wrapper vc_figure\">\n\t\t\t<div class=\"vc_single_image-wrapper   vc_box_border_grey\"><img loading=\"lazy\" decoding=\"async\" width=\"300\" height=\"168\" src=\"https:\/\/elitetoursmarbella.com\/wp-content\/uploads\/2018\/08\/facturacion-electronica-junta-de-andalucia-300x168.jpg\" class=\"vc_single_image-img attachment-medium\" alt=\"\" srcset=\"https:\/\/elitetoursmarbella.com\/wp-content\/uploads\/2018\/08\/facturacion-electronica-junta-de-andalucia-300x168.jpg 300w, https:\/\/elitetoursmarbella.com\/wp-content\/uploads\/2018\/08\/facturacion-electronica-junta-de-andalucia.jpg 619w\" sizes=\"auto, (max-width: 300px) 100vw, 300px\" \/><\/div>\n\t\t<\/figure>\n\t<\/div>\n\n\t<div class=\"wpb_text_column wpb_content_element\" >\n\t\t<div class=\"wpb_wrapper\">\n\t\t\t<p style=\"text-align: center;\"><span style=\"color: #000000;\"><strong>Est\u00e9 seguro con la compa\u00f1\u00eda y todas sus licencias<\/strong><\/span><\/p>\n<p style=\"text-align: center;\"><span style=\"color: #000000;\"><strong>Toda nuestra flotas disponen de licencias y autorizaci\u00f3n por la Junta de Andaluc\u00eda.<\/strong><\/span><\/p>\n\n\t\t<\/div>\n\t<\/div>\n<\/div><\/div><\/div><div class=\"wpb_column vc_column_container vc_col-sm-4\"><div class=\"vc_column-inner\"><div class=\"wpb_wrapper\">\n\t<div class=\"wpb_text_column wpb_content_element\" >\n\t\t<div class=\"wpb_wrapper\">\n\t\t\t<h2 style=\"text-align: center;\"><span style=\"color: #cb9940;\"><strong>ELITE TOURS MARBELLA<\/strong><\/span><\/h2>\n<h3 style=\"text-align: center;\"><span style=\"color: #cb9940;\"><strong>Book Now\u00a0<\/strong><\/span><\/h3>\n<h3 style=\"text-align: center;\"><span style=\"color: #cb9940;\"><strong>info@elitetoursmarbella.com<\/strong><\/span><\/h3>\n\n\t\t<\/div>\n\t<\/div>\n\n\t<div  class=\"wpb_single_image wpb_content_element vc_align_center\">\n\t\t\n\t\t<figure class=\"wpb_wrapper vc_figure\">\n\t\t\t<div class=\"vc_single_image-wrapper   vc_box_border_grey\"><img loading=\"lazy\" decoding=\"async\" width=\"150\" height=\"150\" src=\"https:\/\/elitetoursmarbella.com\/wp-content\/uploads\/2018\/08\/FAVICON-512-X-512-PX-150x150.jpg\" class=\"vc_single_image-img attachment-thumbnail\" alt=\"\" srcset=\"https:\/\/elitetoursmarbella.com\/wp-content\/uploads\/2018\/08\/FAVICON-512-X-512-PX-150x150.jpg 150w, https:\/\/elitetoursmarbella.com\/wp-content\/uploads\/2018\/08\/FAVICON-512-X-512-PX-300x300.jpg 300w, https:\/\/elitetoursmarbella.com\/wp-content\/uploads\/2018\/08\/FAVICON-512-X-512-PX-180x180.jpg 180w, https:\/\/elitetoursmarbella.com\/wp-content\/uploads\/2018\/08\/FAVICON-512-X-512-PX.jpg 512w\" sizes=\"auto, (max-width: 150px) 100vw, 150px\" \/><\/div>\n\t\t<\/figure>\n\t<\/div>\n<\/div><\/div><\/div><\/div>","protected":false},"excerpt":{"rendered":"Who we are ELITE TOURS MARBELLA A PASSION TO SERVE YOU Executive Car Rental with Driver Vehicle rental company with driver for transfers between airports, train stations throughout the Costa del Sol. OUR COMPANY Elite Tours Marbella we have a wide range of vehicles and services to meet each of our customers' needs. OUR SERVICES [...]","protected":false},"author":1,"featured_media":0,"parent":0,"menu_order":0,"comment_status":"closed","ping_status":"closed","template":"page-fullwidth.php","meta":{"footnotes":""},"class_list":["post-495","page","type-page","status-publish","hentry"],"_links":{"self":[{"href":"https:\/\/elitetoursmarbella.com\/es\/wp-json\/wp\/v2\/pages\/495","targetHints":{"allow":["GET"]}}],"collection":[{"href":"https:\/\/elitetoursmarbella.com\/es\/wp-json\/wp\/v2\/pages"}],"about":[{"href":"https:\/\/elitetoursmarbella.com\/es\/wp-json\/wp\/v2\/types\/page"}],"author":[{"embeddable":true,"href":"https:\/\/elitetoursmarbella.com\/es\/wp-json\/wp\/v2\/users\/1"}],"replies":[{"embeddable":true,"href":"https:\/\/elitetoursmarbella.com\/es\/wp-json\/wp\/v2\/comments?post=495"}],"version-history":[{"count":14,"href":"https:\/\/elitetoursmarbella.com\/es\/wp-json\/wp\/v2\/pages\/495\/revisions"}],"predecessor-version":[{"id":1498,"href":"https:\/\/elitetoursmarbella.com\/es\/wp-json\/wp\/v2\/pages\/495\/revisions\/1498"}],"wp:attachment":[{"href":"https:\/\/elitetoursmarbella.com\/es\/wp-json\/wp\/v2\/media?parent=495"}],"curies":[{"name":"wp","href":"https:\/\/api.w.org\/{rel}","templated":true}]}}